{"id":2,"date":"2024-10-12T19:33:28","date_gmt":"2024-10-12T19:33:28","guid":{"rendered":"http:\/\/itvestak.co.rs\/?page_id=2"},"modified":"2025-04-09T10:04:42","modified_gmt":"2025-04-09T10:04:42","slug":"sample-page","status":"publish","type":"page","link":"http:\/\/itvestak.co.rs\/","title":{"rendered":"Usluge Stalnog sudskog ve\u0161taka na teritoriji cele Republike Srbije"},"content":{"rendered":"\n<p>Usluge stalnog sudskog ve\u0161taka u domenu Informacionih Tehnologija su \u010desto tra\u017eene. <\/p>\n\n\n\n<p>Neki od primera gde su potrebne stru\u010dne usluge ve\u0161taka IT struke su:<\/p>\n\n\n\n<ul class=\"wp-block-list\">\n<li>Potvr\u0111ivanje i dokumentovanje postojanja i\/ili autenti\u010dnosti digitalnih sadr\u017eaja kao \u0161to su tekstovi, slike ili video snimci, bilo na ra\u010dunaru, embedded ili mobilnom ure\u0111aju, sistemima video nadzora itd.<\/li>\n\n\n\n<li>Dokumentovanje digitalne komunikacije\/prepiske -viber,whatsup,facebook, messenger itd.<\/li>\n\n\n\n<li>Analiza i verifikacija email poruka u smislu porekla, autenti\u010dnosti i sadr\u017eaja.<\/li>\n\n\n\n<li>Analiza programskog -source koda, dokumentovanje autenti\u010dnosti ili izmena.<\/li>\n\n\n\n<li>Potvr\u0111ivanje autorstva kompjuterskog\/programskog koda.<\/li>\n\n\n\n<li>Utvr\u0111ivanje i dokumentovanje stepena (ne)ispravnosti hardvera digitalnih ure\u0111aja.<\/li>\n\n\n\n<li>Analiza i dokumentovanje ostvarenog mobilnog internet saobra\u0107aja, \u0161to je \u010dest spor izme\u0111u korisnika i mobilnih operatera.<\/li>\n<\/ul>\n\n\n\n<p>Tokom vi\u0161egodi\u0161nje karijere sam razvio i metode i alate za neke specifi\u010dne slu\u010dajeve kao \u0161to su:<\/p>\n\n\n\n<ul class=\"wp-block-list\">\n<li>Analiza GPS log-ova i njihova prezentacija u \u010ditljivom obliku pogodnom za analizu kretanja i trajanja puta (za potrebe obra\u010duna provedenog vremena na putu, obra\u010duna dnevnica itd)<\/li>\n\n\n\n<li>Analiza komunikacionih logova koje policija pribavlja od mobilnih operatera po slu\u017ebenoj du\u017enosti koji su po pravilu ne\u010ditke excel tabele raznorodne od vi\u0161e telekomunikacionih provajdera, pa njihova obrada i dokumentovanje u \u010ditljivom obliku u jedinstvenom izve\u0161taju, da se mo\u017ee jasno dokumentovati komunikacija izme\u0111u vi\u0161e lica od interesa -pozivi, sms poruke itd.<\/li>\n<\/ul>\n\n\n\n<blockquote class=\"wp-block-quote is-layout-flow wp-block-quote-is-layout-flow\">\n<p>Posebno sam ponosan na jedinstvenu tehnologiju otkrivanja stvarnog identiteta onoga ko se krije iza la\u017enih facebook profila koju sam li\u010dno razvio i koja je do sada bila 100% efikasna u praksi.<\/p>\n\n\n\n<p>Naime, ako Vam neko preti, vre\u0111a Vas i sl. koriste\u0107i facebook profil sa la\u017enim imenom ili pseudonimom, ako biste tra\u017eili podatke o korisniku tog profila od kompanije Facebook, oni Vam te podatke ne bi dali bez sudskog naloga. A po\u0161to se radi o inostranoj kompaniji, taj sudski nalog bi morao da ide preko na\u0161eg ministarstva pravde pa inostranih poslova itd, \u0161to se pokre\u0107e samo u izuzetnim slu\u010dajevima, i materijalni tro\u0161kovi koje kompanija Facebook napla\u0107uje za izdavanje tih podataka po slu\u017ebenoj du\u017enosti su astronomski visoki.   Ja nudim mnogo br\u017ee, efikasnije i jeftinije re\u0161enje. Vi\u0161e detalja o tome mo\u017eete pro\u010ditati ovde.<\/p>\n<\/blockquote>\n\n\n\n<p>U dugogodi\u0161njoj karijeri sudskog ve\u0161taka imao sam tu privilegiju i \u010dast da bilo samostalno ili u timu u\u010destvujem u realizaciji mnogih projekata vezanih za IT bezbednost, kako samih izrada nalaza i mi\u0161ljenja sudskog ve\u0161taka, tako i reakcija u hitnim incidentnim situacijama, izradi aktova o proceni rizika, planiranja, projektovanja i nadzora sistema tehni\u010dke za\u0161tite. Neke od mojih reprezentativnih referenci mo\u017eete pogledati <a href=\"http:\/\/itvestak.co.rs\/?page_id=20\" data-type=\"page\" data-id=\"20\">ovde<\/a>.<\/p>\n\n\n<nav class=\"is-responsive wp-block-navigation is-layout-flex wp-block-navigation-is-layout-flex\" aria-label=\"Navigation\" \n\t\t data-wp-interactive=\"core\/navigation\" data-wp-context='{\"overlayOpenedBy\":{\"click\":false,\"hover\":false,\"focus\":false},\"type\":\"overlay\",\"roleAttribute\":\"\",\"ariaLabel\":\"Menu\"}'><button aria-haspopup=\"dialog\" aria-label=\"Open menu\" class=\"wp-block-navigation__responsive-container-open\" \n\t\t\t\tdata-wp-on--click=\"actions.openMenuOnClick\"\n\t\t\t\tdata-wp-on--keydown=\"actions.handleMenuKeydown\"\n\t\t\t><svg width=\"24\" height=\"24\" xmlns=\"http:\/\/www.w3.org\/2000\/svg\" viewBox=\"0 0 24 24\" aria-hidden=\"true\" focusable=\"false\"><path d=\"M4 7.5h16v1.5H4z\"><\/path><path d=\"M4 15h16v1.5H4z\"><\/path><\/svg><\/button>\n\t\t\t\t<div class=\"wp-block-navigation__responsive-container\"  id=\"modal-1\" \n\t\t\t\tdata-wp-class--has-modal-open=\"state.isMenuOpen\"\n\t\t\t\tdata-wp-class--is-menu-open=\"state.isMenuOpen\"\n\t\t\t\tdata-wp-watch=\"callbacks.initMenu\"\n\t\t\t\tdata-wp-on--keydown=\"actions.handleMenuKeydown\"\n\t\t\t\tdata-wp-on--focusout=\"actions.handleMenuFocusout\"\n\t\t\t\ttabindex=\"-1\"\n\t\t\t>\n\t\t\t\t\t<div class=\"wp-block-navigation__responsive-close\" tabindex=\"-1\">\n\t\t\t\t\t\t<div class=\"wp-block-navigation__responsive-dialog\" \n\t\t\t\tdata-wp-bind--aria-modal=\"state.ariaModal\"\n\t\t\t\tdata-wp-bind--aria-label=\"state.ariaLabel\"\n\t\t\t\tdata-wp-bind--role=\"state.roleAttribute\"\n\t\t\t>\n\t\t\t\t\t\t\t<button aria-label=\"Close menu\" class=\"wp-block-navigation__responsive-container-close\" \n\t\t\t\tdata-wp-on--click=\"actions.closeMenuOnClick\"\n\t\t\t><svg xmlns=\"http:\/\/www.w3.org\/2000\/svg\" viewBox=\"0 0 24 24\" width=\"24\" height=\"24\" aria-hidden=\"true\" focusable=\"false\"><path d=\"m13.06 12 6.47-6.47-1.06-1.06L12 10.94 5.53 4.47 4.47 5.53 10.94 12l-6.47 6.47 1.06 1.06L12 13.06l6.47 6.47 1.06-1.06L13.06 12Z\"><\/path><\/svg><\/button>\n\t\t\t\t\t\t\t<div class=\"wp-block-navigation__responsive-container-content\" \n\t\t\t\tdata-wp-watch=\"callbacks.focusFirstElement\"\n\t\t\t id=\"modal-1-content\">\n\t\t\t\t\t\t\t\t<ul class=\"wp-block-navigation__container is-responsive wp-block-navigation\"><li class=\" wp-block-navigation-item wp-block-navigation-link\"><a class=\"wp-block-navigation-item__content\"  href=\"http:\/\/itvestak.co.rs\/?page_id=29\"><span class=\"wp-block-navigation-item__label\">KONTAKT<\/span><\/a><\/li><\/ul>\n\t\t\t\t\t\t\t<\/div>\n\t\t\t\t\t\t<\/div>\n\t\t\t\t\t<\/div>\n\t\t\t\t<\/div><\/nav>","protected":false},"excerpt":{"rendered":"<p>Usluge stalnog sudskog ve\u0161taka u domenu Informacionih Tehnologija su \u010desto tra\u017eene. Neki od primera gde su potrebne stru\u010dne usluge ve\u0161taka IT struke su: Tokom vi\u0161egodi\u0161nje karijere sam razvio i metode i alate za neke specifi\u010dne slu\u010dajeve kao \u0161to su: Posebno sam ponosan na jedinstvenu tehnologiju otkrivanja stvarnog identiteta onoga ko se krije iza la\u017enih facebook [&hellip;]<\/p>\n","protected":false},"author":1,"featured_media":0,"parent":0,"menu_order":0,"comment_status":"closed","ping_status":"open","template":"","meta":{"footnotes":""},"class_list":["post-2","page","type-page","status-publish","hentry"],"jetpack_sharing_enabled":true,"_links":{"self":[{"href":"http:\/\/itvestak.co.rs\/index.php?rest_route=\/wp\/v2\/pages\/2","targetHints":{"allow":["GET"]}}],"collection":[{"href":"http:\/\/itvestak.co.rs\/index.php?rest_route=\/wp\/v2\/pages"}],"about":[{"href":"http:\/\/itvestak.co.rs\/index.php?rest_route=\/wp\/v2\/types\/page"}],"author":[{"embeddable":true,"href":"http:\/\/itvestak.co.rs\/index.php?rest_route=\/wp\/v2\/users\/1"}],"replies":[{"embeddable":true,"href":"http:\/\/itvestak.co.rs\/index.php?rest_route=%2Fwp%2Fv2%2Fcomments&post=2"}],"version-history":[{"count":7,"href":"http:\/\/itvestak.co.rs\/index.php?rest_route=\/wp\/v2\/pages\/2\/revisions"}],"predecessor-version":[{"id":62,"href":"http:\/\/itvestak.co.rs\/index.php?rest_route=\/wp\/v2\/pages\/2\/revisions\/62"}],"wp:attachment":[{"href":"http:\/\/itvestak.co.rs\/index.php?rest_route=%2Fwp%2Fv2%2Fmedia&parent=2"}],"curies":[{"name":"wp","href":"https:\/\/api.w.org\/{rel}","templated":true}]}}