{"id":50,"date":"2025-04-09T09:56:08","date_gmt":"2025-04-09T09:56:08","guid":{"rendered":"http:\/\/itvestak.co.rs\/?page_id=50"},"modified":"2025-04-09T10:03:54","modified_gmt":"2025-04-09T10:03:54","slug":"informaciona-bezbednost","status":"publish","type":"page","link":"http:\/\/itvestak.co.rs\/?page_id=50","title":{"rendered":"USLUGE INFORMACIONE BEZBEDNOSTI"},"content":{"rendered":"\n<p>Na osnovu dugogodi\u0161nje prakse i stalnog usavr\u0161avanja, u prilici sam da ponudim veoma specifi\u010dne usluge vezane za informacionu bezbednost, kako u formalno-regulativnoj oblasti, tako i u projektnoj i implementacionoj sferi.<\/p>\n\n\n\n<p>Neke od usluga koje su naj\u010de\u0161\u0107e tra\u017eene:<\/p>\n\n\n\n<ul class=\"wp-block-list\">\n<li>Izrada akta o proceni rizika ZLIP<\/li>\n\n\n\n<li>Izrada planova tehni\u010dke za\u0161tite<\/li>\n\n\n\n<li>Izrada i nadzor projekata tehni\u010dke za\u0161tite<\/li>\n\n\n\n<li>Izrada akta o informacionoj bezbednosti<\/li>\n\n\n\n<li>Izrada kompletne dokumentacije i formalne regulative vezane za informacionu bezbednost<\/li>\n<\/ul>\n\n\n\n<p>(za sve gore navedene usluge posedujem aktivne va\u017ee\u0107e licence)<\/p>\n\n\n\n<ul class=\"wp-block-list\">\n<li>Projektovanje mre\u017ene, serverske i IT infrastrukture<\/li>\n\n\n\n<li>Revizija bezbednosti mre\u017ene, serverske i IT infrastrukture<\/li>\n\n\n\n<li>Projektovanje i implementacija unapre\u0111enja bezbednosti mre\u017ene, serverske i IT infrastrukture<\/li>\n\n\n\n<li>Oporavak posle cyber napada<\/li>\n\n\n\n<li>Forenzika i obezbe\u0111enje dokaza posle izvr\u0161enih dela visokotehnolo\u0161kog kriminala<\/li>\n<\/ul>\n\n\n\n<p>Za potrebe obezbe\u0111enja standarda za\u0161tite podataka i poslovanja, osiguranja, ugovora sa visoko rizi\u010dnim partnerima i sl. nudim i usluge:<\/p>\n\n\n\n<ul class=\"wp-block-list\">\n<li>Pregleda i davanja ocene stepena za\u0161ti\u0107enosti IT infrastrukture i celog poslovnog sistema<\/li>\n\n\n\n<li>Vunerability Assestment IT infrastrukture i poslovanja<\/li>\n\n\n\n<li>Penetracione testove IT infrastrukture<\/li>\n<\/ul>\n\n\n<nav class=\"is-responsive wp-block-navigation is-layout-flex wp-block-navigation-is-layout-flex\" aria-label=\"Navigation\" \n\t\t data-wp-interactive=\"core\/navigation\" data-wp-context='{\"overlayOpenedBy\":{\"click\":false,\"hover\":false,\"focus\":false},\"type\":\"overlay\",\"roleAttribute\":\"\",\"ariaLabel\":\"Menu\"}'><button aria-haspopup=\"dialog\" aria-label=\"Open menu\" class=\"wp-block-navigation__responsive-container-open\" \n\t\t\t\tdata-wp-on--click=\"actions.openMenuOnClick\"\n\t\t\t\tdata-wp-on--keydown=\"actions.handleMenuKeydown\"\n\t\t\t><svg width=\"24\" height=\"24\" xmlns=\"http:\/\/www.w3.org\/2000\/svg\" viewBox=\"0 0 24 24\" aria-hidden=\"true\" focusable=\"false\"><path d=\"M4 7.5h16v1.5H4z\"><\/path><path d=\"M4 15h16v1.5H4z\"><\/path><\/svg><\/button>\n\t\t\t\t<div class=\"wp-block-navigation__responsive-container\"  id=\"modal-1\" \n\t\t\t\tdata-wp-class--has-modal-open=\"state.isMenuOpen\"\n\t\t\t\tdata-wp-class--is-menu-open=\"state.isMenuOpen\"\n\t\t\t\tdata-wp-watch=\"callbacks.initMenu\"\n\t\t\t\tdata-wp-on--keydown=\"actions.handleMenuKeydown\"\n\t\t\t\tdata-wp-on--focusout=\"actions.handleMenuFocusout\"\n\t\t\t\ttabindex=\"-1\"\n\t\t\t>\n\t\t\t\t\t<div class=\"wp-block-navigation__responsive-close\" tabindex=\"-1\">\n\t\t\t\t\t\t<div class=\"wp-block-navigation__responsive-dialog\" \n\t\t\t\tdata-wp-bind--aria-modal=\"state.ariaModal\"\n\t\t\t\tdata-wp-bind--aria-label=\"state.ariaLabel\"\n\t\t\t\tdata-wp-bind--role=\"state.roleAttribute\"\n\t\t\t>\n\t\t\t\t\t\t\t<button aria-label=\"Close menu\" class=\"wp-block-navigation__responsive-container-close\" \n\t\t\t\tdata-wp-on--click=\"actions.closeMenuOnClick\"\n\t\t\t><svg xmlns=\"http:\/\/www.w3.org\/2000\/svg\" viewBox=\"0 0 24 24\" width=\"24\" height=\"24\" aria-hidden=\"true\" focusable=\"false\"><path d=\"m13.06 12 6.47-6.47-1.06-1.06L12 10.94 5.53 4.47 4.47 5.53 10.94 12l-6.47 6.47 1.06 1.06L12 13.06l6.47 6.47 1.06-1.06L13.06 12Z\"><\/path><\/svg><\/button>\n\t\t\t\t\t\t\t<div class=\"wp-block-navigation__responsive-container-content\" \n\t\t\t\tdata-wp-watch=\"callbacks.focusFirstElement\"\n\t\t\t id=\"modal-1-content\">\n\t\t\t\t\t\t\t\t<ul class=\"wp-block-navigation__container is-responsive wp-block-navigation\"><li class=\" wp-block-navigation-item wp-block-navigation-link\"><a class=\"wp-block-navigation-item__content\"  href=\"http:\/\/itvestak.co.rs\/?page_id=29\"><span class=\"wp-block-navigation-item__label\">KONTAKT<\/span><\/a><\/li><\/ul>\n\t\t\t\t\t\t\t<\/div>\n\t\t\t\t\t\t<\/div>\n\t\t\t\t\t<\/div>\n\t\t\t\t<\/div><\/nav>","protected":false},"excerpt":{"rendered":"<p>Na osnovu dugogodi\u0161nje prakse i stalnog usavr\u0161avanja, u prilici sam da ponudim veoma specifi\u010dne usluge vezane za informacionu bezbednost, kako u formalno-regulativnoj oblasti, tako i u projektnoj i implementacionoj sferi. Neke od usluga koje su naj\u010de\u0161\u0107e tra\u017eene: (za sve gore navedene usluge posedujem aktivne va\u017ee\u0107e licence) Za potrebe obezbe\u0111enja standarda za\u0161tite podataka i poslovanja, osiguranja, [&hellip;]<\/p>\n","protected":false},"author":1,"featured_media":0,"parent":0,"menu_order":0,"comment_status":"closed","ping_status":"closed","template":"","meta":{"footnotes":""},"class_list":["post-50","page","type-page","status-publish","hentry"],"jetpack_sharing_enabled":true,"_links":{"self":[{"href":"http:\/\/itvestak.co.rs\/index.php?rest_route=\/wp\/v2\/pages\/50","targetHints":{"allow":["GET"]}}],"collection":[{"href":"http:\/\/itvestak.co.rs\/index.php?rest_route=\/wp\/v2\/pages"}],"about":[{"href":"http:\/\/itvestak.co.rs\/index.php?rest_route=\/wp\/v2\/types\/page"}],"author":[{"embeddable":true,"href":"http:\/\/itvestak.co.rs\/index.php?rest_route=\/wp\/v2\/users\/1"}],"replies":[{"embeddable":true,"href":"http:\/\/itvestak.co.rs\/index.php?rest_route=%2Fwp%2Fv2%2Fcomments&post=50"}],"version-history":[{"count":3,"href":"http:\/\/itvestak.co.rs\/index.php?rest_route=\/wp\/v2\/pages\/50\/revisions"}],"predecessor-version":[{"id":60,"href":"http:\/\/itvestak.co.rs\/index.php?rest_route=\/wp\/v2\/pages\/50\/revisions\/60"}],"wp:attachment":[{"href":"http:\/\/itvestak.co.rs\/index.php?rest_route=%2Fwp%2Fv2%2Fmedia&parent=50"}],"curies":[{"name":"wp","href":"https:\/\/api.w.org\/{rel}","templated":true}]}}