{"id":54,"date":"2025-04-09T10:01:24","date_gmt":"2025-04-09T10:01:24","guid":{"rendered":"http:\/\/itvestak.co.rs\/?page_id=54"},"modified":"2025-04-09T10:01:24","modified_gmt":"2025-04-09T10:01:24","slug":"forenzicki-pregled-mobilnih-telefona-i-sadrzaja","status":"publish","type":"page","link":"http:\/\/itvestak.co.rs\/?page_id=54","title":{"rendered":"FORENZI\u010cKI PREGLED MOBILNIH TELEFONA I SADR\u017dAJA"},"content":{"rendered":"\n<p>\u010cesto imam zahteve za pregledom mobilnih telefona u smislu otkrivanja da li je telefon &#8220;kompromitovan&#8221; nekim &#8220;\u0161pijunskim softverom&#8221; i sl. Pregled u zavisnosti od modela telefona i od slu\u010daja do slu\u010daja traje od 1 do 6 sati, i na osnovu pregleda mogu da dam slu\u017ebeni, na sudu direktno prihvatljiv kao dokaz nalaz.<\/p>\n\n\n\n<p>Osim toga, nekada su zahtevi da se dokumentuju i verifikuju odre\u0111eni sadr\u017eaji na mobilnom telefonu kao \u0161to su primljene i poslate poruke (email, viber, facebook itd). U zavisnosti od obima tj. koli\u010dine tih sadr\u017eaja izrada nalaza mo\u017ee trajati i vi\u0161e dana i mogu dati slu\u017ebeni, na sudu direktno prihvatjiv kao dokaz, nalaz.<\/p>\n\n\n<nav class=\"is-responsive wp-block-navigation is-layout-flex wp-block-navigation-is-layout-flex\" aria-label=\"Navigation\" \n\t\t data-wp-interactive=\"core\/navigation\" data-wp-context='{\"overlayOpenedBy\":{\"click\":false,\"hover\":false,\"focus\":false},\"type\":\"overlay\",\"roleAttribute\":\"\",\"ariaLabel\":\"Menu\"}'><button aria-haspopup=\"dialog\" aria-label=\"Open menu\" class=\"wp-block-navigation__responsive-container-open\" \n\t\t\t\tdata-wp-on--click=\"actions.openMenuOnClick\"\n\t\t\t\tdata-wp-on--keydown=\"actions.handleMenuKeydown\"\n\t\t\t><svg width=\"24\" height=\"24\" xmlns=\"http:\/\/www.w3.org\/2000\/svg\" viewBox=\"0 0 24 24\" aria-hidden=\"true\" focusable=\"false\"><path d=\"M4 7.5h16v1.5H4z\"><\/path><path d=\"M4 15h16v1.5H4z\"><\/path><\/svg><\/button>\n\t\t\t\t<div class=\"wp-block-navigation__responsive-container\"  id=\"modal-1\" \n\t\t\t\tdata-wp-class--has-modal-open=\"state.isMenuOpen\"\n\t\t\t\tdata-wp-class--is-menu-open=\"state.isMenuOpen\"\n\t\t\t\tdata-wp-watch=\"callbacks.initMenu\"\n\t\t\t\tdata-wp-on--keydown=\"actions.handleMenuKeydown\"\n\t\t\t\tdata-wp-on--focusout=\"actions.handleMenuFocusout\"\n\t\t\t\ttabindex=\"-1\"\n\t\t\t>\n\t\t\t\t\t<div class=\"wp-block-navigation__responsive-close\" tabindex=\"-1\">\n\t\t\t\t\t\t<div class=\"wp-block-navigation__responsive-dialog\" \n\t\t\t\tdata-wp-bind--aria-modal=\"state.ariaModal\"\n\t\t\t\tdata-wp-bind--aria-label=\"state.ariaLabel\"\n\t\t\t\tdata-wp-bind--role=\"state.roleAttribute\"\n\t\t\t>\n\t\t\t\t\t\t\t<button aria-label=\"Close menu\" class=\"wp-block-navigation__responsive-container-close\" \n\t\t\t\tdata-wp-on--click=\"actions.closeMenuOnClick\"\n\t\t\t><svg xmlns=\"http:\/\/www.w3.org\/2000\/svg\" viewBox=\"0 0 24 24\" width=\"24\" height=\"24\" aria-hidden=\"true\" focusable=\"false\"><path d=\"m13.06 12 6.47-6.47-1.06-1.06L12 10.94 5.53 4.47 4.47 5.53 10.94 12l-6.47 6.47 1.06 1.06L12 13.06l6.47 6.47 1.06-1.06L13.06 12Z\"><\/path><\/svg><\/button>\n\t\t\t\t\t\t\t<div class=\"wp-block-navigation__responsive-container-content\" \n\t\t\t\tdata-wp-watch=\"callbacks.focusFirstElement\"\n\t\t\t id=\"modal-1-content\">\n\t\t\t\t\t\t\t\t<ul class=\"wp-block-navigation__container is-responsive wp-block-navigation\"><li class=\" wp-block-navigation-item wp-block-navigation-link\"><a class=\"wp-block-navigation-item__content\"  href=\"http:\/\/itvestak.co.rs\/?page_id=29\"><span class=\"wp-block-navigation-item__label\">KONTAKT<\/span><\/a><\/li><\/ul>\n\t\t\t\t\t\t\t<\/div>\n\t\t\t\t\t\t<\/div>\n\t\t\t\t\t<\/div>\n\t\t\t\t<\/div><\/nav>\n\n\n<p><\/p>\n","protected":false},"excerpt":{"rendered":"<p>\u010cesto imam zahteve za pregledom mobilnih telefona u smislu otkrivanja da li je telefon &#8220;kompromitovan&#8221; nekim &#8220;\u0161pijunskim softverom&#8221; i sl. Pregled u zavisnosti od modela telefona i od slu\u010daja do slu\u010daja traje od 1 do 6 sati, i na osnovu pregleda mogu da dam slu\u017ebeni, na sudu direktno prihvatljiv kao dokaz nalaz. Osim toga, nekada [&hellip;]<\/p>\n","protected":false},"author":1,"featured_media":0,"parent":0,"menu_order":0,"comment_status":"closed","ping_status":"closed","template":"","meta":{"footnotes":""},"class_list":["post-54","page","type-page","status-publish","hentry"],"jetpack_sharing_enabled":true,"_links":{"self":[{"href":"http:\/\/itvestak.co.rs\/index.php?rest_route=\/wp\/v2\/pages\/54","targetHints":{"allow":["GET"]}}],"collection":[{"href":"http:\/\/itvestak.co.rs\/index.php?rest_route=\/wp\/v2\/pages"}],"about":[{"href":"http:\/\/itvestak.co.rs\/index.php?rest_route=\/wp\/v2\/types\/page"}],"author":[{"embeddable":true,"href":"http:\/\/itvestak.co.rs\/index.php?rest_route=\/wp\/v2\/users\/1"}],"replies":[{"embeddable":true,"href":"http:\/\/itvestak.co.rs\/index.php?rest_route=%2Fwp%2Fv2%2Fcomments&post=54"}],"version-history":[{"count":1,"href":"http:\/\/itvestak.co.rs\/index.php?rest_route=\/wp\/v2\/pages\/54\/revisions"}],"predecessor-version":[{"id":55,"href":"http:\/\/itvestak.co.rs\/index.php?rest_route=\/wp\/v2\/pages\/54\/revisions\/55"}],"wp:attachment":[{"href":"http:\/\/itvestak.co.rs\/index.php?rest_route=%2Fwp%2Fv2%2Fmedia&parent=54"}],"curies":[{"name":"wp","href":"https:\/\/api.w.org\/{rel}","templated":true}]}}